{"id":902,"date":"2022-09-29T14:46:51","date_gmt":"2022-09-29T14:46:51","guid":{"rendered":"https:\/\/parainsight.com\/lien-he\/"},"modified":"2023-08-12T15:38:55","modified_gmt":"2023-08-12T15:38:55","slug":"lien-he","status":"publish","type":"page","link":"https:\/\/parainsight.com\/vi\/lien-he\/","title":{"rendered":"Li\u00ean h\u1ec7"},"content":{"rendered":"\t<section class=\"section\" id=\"section_646307793\">\n\t\t<div class=\"bg section-bg fill bg-fill  bg-loaded\" >\n\n\t\t\t\n\t\t\t\n\t\t\t\n\n\t\t<\/div>\n\n\t\t\n\n\t\t<div class=\"section-content relative\">\n\t\t\t\n<p>\n\n  <div class=\"banner has-hover is-full-height\" id=\"banner-495538130\">\n          <div class=\"banner-inner fill\">\n        <div class=\"banner-bg fill\" >\n            <div class=\"bg fill bg-fill \"><\/div>\n                                    \n                    <\/div>\n\t\t\n        <div class=\"banner-layers container\">\n            <div class=\"fill banner-link\"><\/div>            \n<p>\n   <div id=\"text-box-94158928\" class=\"text-box banner-layer x5 md-x5 lg-x5 y85 md-y85 lg-y85 res-text\">\n                                <div class=\"text-box-content text box-shadow-3 dark\">\n              \n              <div class=\"text-inner text-center\">\n                  \n<h2 style=\"text-align: center;\"><strong>Li\u00ean h\u1ec7 v\u1edbi ch\u00fang t\u00f4i<\/strong><\/h2>\n<p style=\"text-align: center;\">Ch\u00fang t\u00f4i \u1edf \u0111\u00e2y \u0111\u1ec3 h\u1ed7 tr\u1ee3 b\u1ea1n.<\/p>\n<p style=\"text-align: center;\"><nav aria-label=\"breadcrumbs\" class=\"rank-math-breadcrumb\"><p><span class=\"last\">Home<\/span><\/p><\/nav>\n<p>\u00a0<\/p>\n              <\/div>\n           <\/div>\n                            \n<style>\n#text-box-94158928 .text-inner {\n  padding: 30px 30px 30px 30px;\n}\n#text-box-94158928 {\n  width: 60%;\n}\n#text-box-94158928 .text-box-content {\n  font-size: 100%;\n}\n@media (min-width:550px) {\n  #text-box-94158928 {\n    width: 41%;\n  }\n}\n<\/style>\n    <\/div>\n \n<\/p>\n        <\/div>\n      <\/div>\n\n            \n<style>\n#banner-495538130 {\n  padding-top: 100%;\n}\n#banner-495538130 .bg.bg-loaded {\n  background-image: url(https:\/\/parainsight.com\/wp-content\/uploads\/2023\/01\/cover-contact.png);\n}\n#banner-495538130 .bg {\n  background-position: 100% 20%;\n}\n#banner-495538130 .ux-shape-divider--top svg {\n  height: 150px;\n  --divider-top-width: 100%;\n}\n#banner-495538130 .ux-shape-divider--bottom svg {\n  height: 150px;\n  --divider-width: 100%;\n}\n<\/style>\n  <\/div>\n\n\n<\/p>\n\t\t<\/div>\n\n\t\t\n<style>\n#section_646307793 {\n  padding-top: 30px;\n  padding-bottom: 30px;\n}\n#section_646307793 .ux-shape-divider--top svg {\n  height: 150px;\n  --divider-top-width: 100%;\n}\n#section_646307793 .ux-shape-divider--bottom svg {\n  height: 150px;\n  --divider-width: 100%;\n}\n<\/style>\n\t<\/section>\n\t\n\t<section class=\"section sec_contact\" id=\"section_721466525\">\n\t\t<div class=\"bg section-bg fill bg-fill  bg-loaded\" >\n\n\t\t\t\n\t\t\t\n\t\t\t\n\n\t\t<\/div>\n\n\t\t\n\n\t\t<div class=\"section-content relative\">\n\t\t\t\n<p>\n\t<div id=\"gap-1033091889\" class=\"gap-element clearfix\" style=\"display:block; height:auto;\">\n\t\t\n<style>\n#gap-1033091889 {\n  padding-top: 40px;\n}\n<\/style>\n\t<\/div>\n\t\n<p>\n<div class=\"row\"  id=\"row-1091224829\">\n<p>\n\n\t<div id=\"col-366186687\" class=\"col medium-8 small-12 large-8\"  >\n\t\t\t\t<div class=\"col-inner\"  >\n\t\t\t\n\t\t\t\n<p>\n\t<div id=\"text-2089846301\" class=\"text map1\">\n\t\t\n<p><iframe src=\"https:\/\/www.google.com\/maps\/embed?pb=!1m18!1m12!1m3!1d3988.754510706746!2d103.86104371511259!3d1.3231304990349768!2m3!1f0!2f0!3f0!3m2!1i1024!2i768!4f13.1!3m3!1m2!1s0x31da19d43c70f1d5%3A0x8e9047cb25762862!2s11%20St%20George&#39;s%20Rd%2C%20%233%20288%20Block%2011%2C%20Singapore%20320011!5e0!3m2!1svi!2s!4v1666424189777!5m2!1svi!2s\" width=\"900\" height=\"500\" style=\"border:0;\" allowfullscreen=\"\" loading=\"lazy\" referrerpolicy=\"no-referrer-when-downgrade\"><\/iframe><\/p>\n<p>\n\t\t\n<style>\n#text-2089846301 {\n  text-align: center;\n}\n<\/style>\n\t<\/div>\n\t\n<\/p>\n\t\t<\/div>\n\t\t\t\t\t<\/div>\n\n\t\n<\/p>\n\n\t<div id=\"col-386196078\" class=\"col medium-4 small-12 large-4\"  >\n\t\t\t\t<div class=\"col-inner\"  >\n\t\t\t\n\t\t\t\n<p>\n<div class=\"row\"  id=\"row-2144764273\">\n<p>\n\n\t<div id=\"col-1230968513\" class=\"col small-12 large-12\"  >\n\t\t\t\t<div class=\"col-inner\"  >\n\t\t\t\n\t\t\t\n<p>\n\n\t\t<div class=\"icon-box featured-box ic_contact icon-box-center text-center\"  >\n\t\t\t\t\t<div class=\"icon-box-img\" style=\"width: 60px\">\n\t\t\t\t<div class=\"icon\">\n\t\t\t\t\t<div class=\"icon-inner\" >\n\t\t\t\t\t\t<svg id=\"Capa_1\" enable-background=\"new 0 0 512 512\" height=\"512\" viewBox=\"0 0 512 512\" width=\"512\" xmlns=\"http:\/\/www.w3.org\/2000\/svg\"><g><path d=\"m243.519 505.32c2.782 4.173 7.466 6.68 12.481 6.68s9.699-2.506 12.481-6.68c35.499-53.247 87.786-119.008 124.222-185.889 29.134-53.476 43.297-99.085 43.297-139.431 0-99.252-80.748-180-180-180s-180 80.748-180 180c0 40.346 14.163 85.955 43.297 139.431 36.409 66.83 88.796 132.752 124.222 185.889zm12.481-475.32c82.71 0 150 67.29 150 150 0 35.204-12.967 76.118-39.641 125.079-31.407 57.649-76.225 116.128-110.359 165.29-34.129-49.155-78.95-107.638-110.359-165.29-26.674-48.961-39.641-89.875-39.641-125.079 0-82.71 67.29-150 150-150z\"\/><path d=\"m256 270c49.626 0 90-40.374 90-90s-40.374-90-90-90-90 40.374-90 90 40.374 90 90 90zm0-150c33.084 0 60 26.916 60 60s-26.916 60-60 60-60-26.916-60-60 26.916-60 60-60z\"\/><\/g><\/svg>\t\t\t\t\t<\/div>\n\t\t\t\t<\/div>\n\t\t\t<\/div>\n\t\t\t\t<div class=\"icon-box-text last-reset\">\n\t\t\t\t\t\t\t\t\t\n<p>#3-288, BLK 11 St. George&#8217;s, 320011, Singapore<\/p>\n\t\t<\/div>\n\t<\/div>\n\t\n\t\n<\/p>\n\t\t<\/div>\n\t\t\t\t\t<\/div>\n\n\t\n<\/p>\n<\/div>\n<\/p>\n<div class=\"row\"  id=\"row-1861331638\">\n<p>\n\n\t<div id=\"col-1602922559\" class=\"col small-12 large-12\"  >\n\t\t\t\t<div class=\"col-inner\"  >\n\t\t\t\n\t\t\t\n<p>\n\n\t\t<div class=\"icon-box featured-box ic_contact icon-box-center text-center\"  >\n\t\t\t\t\t<div class=\"icon-box-img\" style=\"width: 60px\">\n\t\t\t\t<div class=\"icon\">\n\t\t\t\t\t<div class=\"icon-inner\" >\n\t\t\t\t\t\t<?xml version=\"1.0\" encoding=\"iso-8859-1\"?>\r\n<!-- Generator: Adobe Illustrator 19.0.0, SVG Export Plug-In . SVG Version: 6.00 Build 0)  -->\r\n<svg version=\"1.1\" id=\"Capa_1\" xmlns=\"http:\/\/www.w3.org\/2000\/svg\" xmlns:xlink=\"http:\/\/www.w3.org\/1999\/xlink\" x=\"0px\" y=\"0px\"\r\n\t viewBox=\"0 0 482.6 482.6\" style=\"enable-background:new 0 0 482.6 482.6;\" xml:space=\"preserve\">\r\n<g>\r\n\t<path d=\"M98.339,320.8c47.6,56.9,104.9,101.7,170.3,133.4c24.9,11.8,58.2,25.8,95.3,28.2c2.3,0.1,4.5,0.2,6.8,0.2\r\n\t\tc24.9,0,44.9-8.6,61.2-26.3c0.1-0.1,0.3-0.3,0.4-0.5c5.8-7,12.4-13.3,19.3-20c4.7-4.5,9.5-9.2,14.1-14\r\n\t\tc21.3-22.2,21.3-50.4-0.2-71.9l-60.1-60.1c-10.2-10.6-22.4-16.2-35.2-16.2c-12.8,0-25.1,5.6-35.6,16.1l-35.8,35.8\r\n\t\tc-3.3-1.9-6.7-3.6-9.9-5.2c-4-2-7.7-3.9-11-6c-32.6-20.7-62.2-47.7-90.5-82.4c-14.3-18.1-23.9-33.3-30.6-48.8\r\n\t\tc9.4-8.5,18.2-17.4,26.7-26.1c3-3.1,6.1-6.2,9.2-9.3c10.8-10.8,16.6-23.3,16.6-36s-5.7-25.2-16.6-36l-29.8-29.8\r\n\t\tc-3.5-3.5-6.8-6.9-10.2-10.4c-6.6-6.8-13.5-13.8-20.3-20.1c-10.3-10.1-22.4-15.4-35.2-15.4c-12.7,0-24.9,5.3-35.6,15.5l-37.4,37.4\r\n\t\tc-13.6,13.6-21.3,30.1-22.9,49.2c-1.9,23.9,2.5,49.3,13.9,80C32.739,229.6,59.139,273.7,98.339,320.8z M25.739,104.2\r\n\t\tc1.2-13.3,6.3-24.4,15.9-34l37.2-37.2c5.8-5.6,12.2-8.5,18.4-8.5c6.1,0,12.3,2.9,18,8.7c6.7,6.2,13,12.7,19.8,19.6\r\n\t\tc3.4,3.5,6.9,7,10.4,10.6l29.8,29.8c6.2,6.2,9.4,12.5,9.4,18.7s-3.2,12.5-9.4,18.7c-3.1,3.1-6.2,6.3-9.3,9.4\r\n\t\tc-9.3,9.4-18,18.3-27.6,26.8c-0.2,0.2-0.3,0.3-0.5,0.5c-8.3,8.3-7,16.2-5,22.2c0.1,0.3,0.2,0.5,0.3,0.8\r\n\t\tc7.7,18.5,18.4,36.1,35.1,57.1c30,37,61.6,65.7,96.4,87.8c4.3,2.8,8.9,5,13.2,7.2c4,2,7.7,3.9,11,6c0.4,0.2,0.7,0.4,1.1,0.6\r\n\t\tc3.3,1.7,6.5,2.5,9.7,2.5c8,0,13.2-5.1,14.9-6.8l37.4-37.4c5.8-5.8,12.1-8.9,18.3-8.9c7.6,0,13.8,4.7,17.7,8.9l60.3,60.2\r\n\t\tc12,12,11.9,25-0.3,37.7c-4.2,4.5-8.6,8.8-13.3,13.3c-7,6.8-14.3,13.8-20.9,21.7c-11.5,12.4-25.2,18.2-42.9,18.2\r\n\t\tc-1.7,0-3.5-0.1-5.2-0.2c-32.8-2.1-63.3-14.9-86.2-25.8c-62.2-30.1-116.8-72.8-162.1-127c-37.3-44.9-62.4-86.7-79-131.5\r\n\t\tC28.039,146.4,24.139,124.3,25.739,104.2z\"\/>\r\n<\/g>\r\n<g>\r\n<\/g>\r\n<g>\r\n<\/g>\r\n<g>\r\n<\/g>\r\n<g>\r\n<\/g>\r\n<g>\r\n<\/g>\r\n<g>\r\n<\/g>\r\n<g>\r\n<\/g>\r\n<g>\r\n<\/g>\r\n<g>\r\n<\/g>\r\n<g>\r\n<\/g>\r\n<g>\r\n<\/g>\r\n<g>\r\n<\/g>\r\n<g>\r\n<\/g>\r\n<g>\r\n<\/g>\r\n<g>\r\n<\/g>\r\n<\/svg>\r\n\t\t\t\t\t<\/div>\n\t\t\t\t<\/div>\n\t\t\t<\/div>\n\t\t\t\t<div class=\"icon-box-text last-reset\">\n\t\t\t\t\t\t\t\t\t\n<p>+65 9087 7658<\/p>\n\t\t<\/div>\n\t<\/div>\n\t\n\t\n<\/p>\n\t\t<\/div>\n\t\t\t\t\t<\/div>\n\n\t\n<\/p>\n<\/div>\n<\/p>\n<div class=\"row\"  id=\"row-300257318\">\n<p>\n\n\t<div id=\"col-139095564\" class=\"col small-12 large-12\"  >\n\t\t\t\t<div class=\"col-inner\"  >\n\t\t\t\n\t\t\t\n<p>\n\n\t\t<div class=\"icon-box featured-box ic_contact icon-box-center text-center\"  >\n\t\t\t\t\t<div class=\"icon-box-img\" style=\"width: 60px\">\n\t\t\t\t<div class=\"icon\">\n\t\t\t\t\t<div class=\"icon-inner\" >\n\t\t\t\t\t\t<?xml version=\"1.0\" encoding=\"iso-8859-1\"?>\r\n<!-- Generator: Adobe Illustrator 19.0.0, SVG Export Plug-In . SVG Version: 6.00 Build 0)  -->\r\n<svg version=\"1.1\" id=\"Capa_1\" xmlns=\"http:\/\/www.w3.org\/2000\/svg\" xmlns:xlink=\"http:\/\/www.w3.org\/1999\/xlink\" x=\"0px\" y=\"0px\"\r\n\t viewBox=\"0 0 512 512\" style=\"enable-background:new 0 0 512 512;\" xml:space=\"preserve\">\r\n<g>\r\n\t<g>\r\n\t\t<path d=\"M485.743,85.333H26.257C11.815,85.333,0,97.148,0,111.589V400.41c0,14.44,11.815,26.257,26.257,26.257h459.487\r\n\t\t\tc14.44,0,26.257-11.815,26.257-26.257V111.589C512,97.148,500.185,85.333,485.743,85.333z M475.89,105.024L271.104,258.626\r\n\t\t\tc-3.682,2.802-9.334,4.555-15.105,4.529c-5.77,0.026-11.421-1.727-15.104-4.529L36.109,105.024H475.89z M366.5,268.761\r\n\t\t\tl111.59,137.847c0.112,0.138,0.249,0.243,0.368,0.368H33.542c0.118-0.131,0.256-0.23,0.368-0.368L145.5,268.761\r\n\t\t\tc3.419-4.227,2.771-10.424-1.464-13.851c-4.227-3.419-10.424-2.771-13.844,1.457l-110.5,136.501V117.332l209.394,157.046\r\n\t\t\tc7.871,5.862,17.447,8.442,26.912,8.468c9.452-0.02,19.036-2.6,26.912-8.468l209.394-157.046v275.534L381.807,256.367\r\n\t\t\tc-3.42-4.227-9.623-4.877-13.844-1.457C363.729,258.329,363.079,264.534,366.5,268.761z\"\/>\r\n\t<\/g>\r\n<\/g>\r\n<g>\r\n<\/g>\r\n<g>\r\n<\/g>\r\n<g>\r\n<\/g>\r\n<g>\r\n<\/g>\r\n<g>\r\n<\/g>\r\n<g>\r\n<\/g>\r\n<g>\r\n<\/g>\r\n<g>\r\n<\/g>\r\n<g>\r\n<\/g>\r\n<g>\r\n<\/g>\r\n<g>\r\n<\/g>\r\n<g>\r\n<\/g>\r\n<g>\r\n<\/g>\r\n<g>\r\n<\/g>\r\n<g>\r\n<\/g>\r\n<\/svg>\r\n\t\t\t\t\t<\/div>\n\t\t\t\t<\/div>\n\t\t\t<\/div>\n\t\t\t\t<div class=\"icon-box-text last-reset\">\n\t\t\t\t\t\t\t\t\t\n<p>info@parainsight.com<\/p>\n\t\t<\/div>\n\t<\/div>\n\t\n\t\n<\/p>\n\t\t<\/div>\n\t\t\t\t\t<\/div>\n\n\t\n<\/p>\n<\/div>\n<\/p>\n\t\t<\/div>\n\t\t\t\t\t<\/div>\n\n\t\n<\/p>\n<\/div>\n<\/p>\n<div class=\"row\"  id=\"row-1104383753\">\n<p>\n\n\t<div id=\"col-244428260\" class=\"col medium-4 small-12 large-4\"  >\n\t\t\t\t<div class=\"col-inner\"  >\n\t\t\t\n\t\t\t\n<p>\n<div class=\"row\"  id=\"row-1221911745\">\n<p>\n\n\t<div id=\"col-30393395\" class=\"col small-12 large-12\"  >\n\t\t\t\t<div class=\"col-inner\"  >\n\t\t\t\n\t\t\t\n<p>\n\n\t\t<div class=\"icon-box featured-box ic_contact icon-box-center text-center\"  >\n\t\t\t\t\t<div class=\"icon-box-img\" style=\"width: 60px\">\n\t\t\t\t<div class=\"icon\">\n\t\t\t\t\t<div class=\"icon-inner\" >\n\t\t\t\t\t\t<svg id=\"Capa_1\" enable-background=\"new 0 0 512 512\" height=\"512\" viewBox=\"0 0 512 512\" width=\"512\" xmlns=\"http:\/\/www.w3.org\/2000\/svg\"><g><path d=\"m243.519 505.32c2.782 4.173 7.466 6.68 12.481 6.68s9.699-2.506 12.481-6.68c35.499-53.247 87.786-119.008 124.222-185.889 29.134-53.476 43.297-99.085 43.297-139.431 0-99.252-80.748-180-180-180s-180 80.748-180 180c0 40.346 14.163 85.955 43.297 139.431 36.409 66.83 88.796 132.752 124.222 185.889zm12.481-475.32c82.71 0 150 67.29 150 150 0 35.204-12.967 76.118-39.641 125.079-31.407 57.649-76.225 116.128-110.359 165.29-34.129-49.155-78.95-107.638-110.359-165.29-26.674-48.961-39.641-89.875-39.641-125.079 0-82.71 67.29-150 150-150z\"\/><path d=\"m256 270c49.626 0 90-40.374 90-90s-40.374-90-90-90-90 40.374-90 90 40.374 90 90 90zm0-150c33.084 0 60 26.916 60 60s-26.916 60-60 60-60-26.916-60-60 26.916-60 60-60z\"\/><\/g><\/svg>\t\t\t\t\t<\/div>\n\t\t\t\t<\/div>\n\t\t\t<\/div>\n\t\t\t\t<div class=\"icon-box-text last-reset\">\n\t\t\t\t\t\t\t\t\t\n<p>60B Nguy\u1ec5n Bi\u1ec3u, Ph\u01b0\u1eddng 1, Qu\u1eadn 5, Tp. H\u1ed3 Ch\u00ed Minh<\/p>\n\t\t<\/div>\n\t<\/div>\n\t\n\t\n<\/p>\n\t\t<\/div>\n\t\t\t\t\t<\/div>\n\n\t\n<\/p>\n<\/div>\n<\/p>\n<div class=\"row\"  id=\"row-440710889\">\n<p>\n\n\t<div id=\"col-191864380\" class=\"col small-12 large-12\"  >\n\t\t\t\t<div class=\"col-inner\"  >\n\t\t\t\n\t\t\t\n<p>\n\n\t\t<div class=\"icon-box featured-box ic_contact icon-box-center text-center\"  >\n\t\t\t\t\t<div class=\"icon-box-img\" style=\"width: 60px\">\n\t\t\t\t<div class=\"icon\">\n\t\t\t\t\t<div class=\"icon-inner\" >\n\t\t\t\t\t\t<?xml version=\"1.0\" encoding=\"iso-8859-1\"?>\r\n<!-- Generator: Adobe Illustrator 19.0.0, SVG Export Plug-In . SVG Version: 6.00 Build 0)  -->\r\n<svg version=\"1.1\" id=\"Capa_1\" xmlns=\"http:\/\/www.w3.org\/2000\/svg\" xmlns:xlink=\"http:\/\/www.w3.org\/1999\/xlink\" x=\"0px\" y=\"0px\"\r\n\t viewBox=\"0 0 482.6 482.6\" style=\"enable-background:new 0 0 482.6 482.6;\" xml:space=\"preserve\">\r\n<g>\r\n\t<path d=\"M98.339,320.8c47.6,56.9,104.9,101.7,170.3,133.4c24.9,11.8,58.2,25.8,95.3,28.2c2.3,0.1,4.5,0.2,6.8,0.2\r\n\t\tc24.9,0,44.9-8.6,61.2-26.3c0.1-0.1,0.3-0.3,0.4-0.5c5.8-7,12.4-13.3,19.3-20c4.7-4.5,9.5-9.2,14.1-14\r\n\t\tc21.3-22.2,21.3-50.4-0.2-71.9l-60.1-60.1c-10.2-10.6-22.4-16.2-35.2-16.2c-12.8,0-25.1,5.6-35.6,16.1l-35.8,35.8\r\n\t\tc-3.3-1.9-6.7-3.6-9.9-5.2c-4-2-7.7-3.9-11-6c-32.6-20.7-62.2-47.7-90.5-82.4c-14.3-18.1-23.9-33.3-30.6-48.8\r\n\t\tc9.4-8.5,18.2-17.4,26.7-26.1c3-3.1,6.1-6.2,9.2-9.3c10.8-10.8,16.6-23.3,16.6-36s-5.7-25.2-16.6-36l-29.8-29.8\r\n\t\tc-3.5-3.5-6.8-6.9-10.2-10.4c-6.6-6.8-13.5-13.8-20.3-20.1c-10.3-10.1-22.4-15.4-35.2-15.4c-12.7,0-24.9,5.3-35.6,15.5l-37.4,37.4\r\n\t\tc-13.6,13.6-21.3,30.1-22.9,49.2c-1.9,23.9,2.5,49.3,13.9,80C32.739,229.6,59.139,273.7,98.339,320.8z M25.739,104.2\r\n\t\tc1.2-13.3,6.3-24.4,15.9-34l37.2-37.2c5.8-5.6,12.2-8.5,18.4-8.5c6.1,0,12.3,2.9,18,8.7c6.7,6.2,13,12.7,19.8,19.6\r\n\t\tc3.4,3.5,6.9,7,10.4,10.6l29.8,29.8c6.2,6.2,9.4,12.5,9.4,18.7s-3.2,12.5-9.4,18.7c-3.1,3.1-6.2,6.3-9.3,9.4\r\n\t\tc-9.3,9.4-18,18.3-27.6,26.8c-0.2,0.2-0.3,0.3-0.5,0.5c-8.3,8.3-7,16.2-5,22.2c0.1,0.3,0.2,0.5,0.3,0.8\r\n\t\tc7.7,18.5,18.4,36.1,35.1,57.1c30,37,61.6,65.7,96.4,87.8c4.3,2.8,8.9,5,13.2,7.2c4,2,7.7,3.9,11,6c0.4,0.2,0.7,0.4,1.1,0.6\r\n\t\tc3.3,1.7,6.5,2.5,9.7,2.5c8,0,13.2-5.1,14.9-6.8l37.4-37.4c5.8-5.8,12.1-8.9,18.3-8.9c7.6,0,13.8,4.7,17.7,8.9l60.3,60.2\r\n\t\tc12,12,11.9,25-0.3,37.7c-4.2,4.5-8.6,8.8-13.3,13.3c-7,6.8-14.3,13.8-20.9,21.7c-11.5,12.4-25.2,18.2-42.9,18.2\r\n\t\tc-1.7,0-3.5-0.1-5.2-0.2c-32.8-2.1-63.3-14.9-86.2-25.8c-62.2-30.1-116.8-72.8-162.1-127c-37.3-44.9-62.4-86.7-79-131.5\r\n\t\tC28.039,146.4,24.139,124.3,25.739,104.2z\"\/>\r\n<\/g>\r\n<g>\r\n<\/g>\r\n<g>\r\n<\/g>\r\n<g>\r\n<\/g>\r\n<g>\r\n<\/g>\r\n<g>\r\n<\/g>\r\n<g>\r\n<\/g>\r\n<g>\r\n<\/g>\r\n<g>\r\n<\/g>\r\n<g>\r\n<\/g>\r\n<g>\r\n<\/g>\r\n<g>\r\n<\/g>\r\n<g>\r\n<\/g>\r\n<g>\r\n<\/g>\r\n<g>\r\n<\/g>\r\n<g>\r\n<\/g>\r\n<\/svg>\r\n\t\t\t\t\t<\/div>\n\t\t\t\t<\/div>\n\t\t\t<\/div>\n\t\t\t\t<div class=\"icon-box-text last-reset\">\n\t\t\t\t\t\t\t\t\t\n<p>+84 xxx<\/p>\n<p>\u00a0<\/p>\n\t\t<\/div>\n\t<\/div>\n\t\n\t\n<\/p>\n\t\t<\/div>\n\t\t\t\t\t<\/div>\n\n\t\n<\/p>\n<\/div>\n<\/p>\n<div class=\"row\"  id=\"row-1193010652\">\n<p>\n\n\t<div id=\"col-204389458\" class=\"col small-12 large-12\"  >\n\t\t\t\t<div class=\"col-inner\"  >\n\t\t\t\n\t\t\t\n<p>\n\n\t\t<div class=\"icon-box featured-box ic_contact icon-box-center text-center\"  >\n\t\t\t\t\t<div class=\"icon-box-img\" style=\"width: 60px\">\n\t\t\t\t<div class=\"icon\">\n\t\t\t\t\t<div class=\"icon-inner\" >\n\t\t\t\t\t\t<?xml version=\"1.0\" encoding=\"iso-8859-1\"?>\r\n<!-- Generator: Adobe Illustrator 19.0.0, SVG Export Plug-In . SVG Version: 6.00 Build 0)  -->\r\n<svg version=\"1.1\" id=\"Capa_1\" xmlns=\"http:\/\/www.w3.org\/2000\/svg\" xmlns:xlink=\"http:\/\/www.w3.org\/1999\/xlink\" x=\"0px\" y=\"0px\"\r\n\t viewBox=\"0 0 512 512\" style=\"enable-background:new 0 0 512 512;\" xml:space=\"preserve\">\r\n<g>\r\n\t<g>\r\n\t\t<path d=\"M485.743,85.333H26.257C11.815,85.333,0,97.148,0,111.589V400.41c0,14.44,11.815,26.257,26.257,26.257h459.487\r\n\t\t\tc14.44,0,26.257-11.815,26.257-26.257V111.589C512,97.148,500.185,85.333,485.743,85.333z M475.89,105.024L271.104,258.626\r\n\t\t\tc-3.682,2.802-9.334,4.555-15.105,4.529c-5.77,0.026-11.421-1.727-15.104-4.529L36.109,105.024H475.89z M366.5,268.761\r\n\t\t\tl111.59,137.847c0.112,0.138,0.249,0.243,0.368,0.368H33.542c0.118-0.131,0.256-0.23,0.368-0.368L145.5,268.761\r\n\t\t\tc3.419-4.227,2.771-10.424-1.464-13.851c-4.227-3.419-10.424-2.771-13.844,1.457l-110.5,136.501V117.332l209.394,157.046\r\n\t\t\tc7.871,5.862,17.447,8.442,26.912,8.468c9.452-0.02,19.036-2.6,26.912-8.468l209.394-157.046v275.534L381.807,256.367\r\n\t\t\tc-3.42-4.227-9.623-4.877-13.844-1.457C363.729,258.329,363.079,264.534,366.5,268.761z\"\/>\r\n\t<\/g>\r\n<\/g>\r\n<g>\r\n<\/g>\r\n<g>\r\n<\/g>\r\n<g>\r\n<\/g>\r\n<g>\r\n<\/g>\r\n<g>\r\n<\/g>\r\n<g>\r\n<\/g>\r\n<g>\r\n<\/g>\r\n<g>\r\n<\/g>\r\n<g>\r\n<\/g>\r\n<g>\r\n<\/g>\r\n<g>\r\n<\/g>\r\n<g>\r\n<\/g>\r\n<g>\r\n<\/g>\r\n<g>\r\n<\/g>\r\n<g>\r\n<\/g>\r\n<\/svg>\r\n\t\t\t\t\t<\/div>\n\t\t\t\t<\/div>\n\t\t\t<\/div>\n\t\t\t\t<div class=\"icon-box-text last-reset\">\n\t\t\t\t\t\t\t\t\t\n<p>\n\t<div id=\"text-3858047859\" class=\"text\">\n\t\t\n<p>info@parainsight.com<\/p>\n<p>\n\t\t\n<style>\n#text-3858047859 {\n  text-align: center;\n}\n<\/style>\n\t<\/div>\n\t\n<\/p>\n\t\t<\/div>\n\t<\/div>\n\t\n\t\n<\/p>\n\t\t<\/div>\n\t\t\t\t\t<\/div>\n\n\t\n<\/p>\n<\/div>\n<\/p>\n\t\t<\/div>\n\t\t\t\t\t<\/div>\n\n\t\n<\/p>\n\n\t<div id=\"col-485139522\" class=\"col medium-8 small-12 large-8\"  >\n\t\t\t\t<div class=\"col-inner\"  >\n\t\t\t\n\t\t\t\n<p>\n\t<div id=\"text-3397931500\" class=\"text map1\">\n\t\t\n<p><iframe src=\"https:\/\/www.google.com\/maps\/embed?pb=!1m18!1m12!1m3!1d3919.734681261302!2d106.6822453152602!3d10.754919662530025!2m3!1f0!2f0!3f0!3m2!1i1024!2i768!4f13.1!3m3!1m2!1s0x31752f04f9e54f03%3A0xc0a6cfef3f7e30fc!2zNjBCIMSQLiBOZ3V54buFbiBCaeG7g3UsIFBoxrDhu51uZyAxLCBRdeG6rW4gNSwgVGjDoG5oIHBo4buRIEjhu5MgQ2jDrSBNaW5oLCBWaeG7h3QgTmFt!5e0!3m2!1svi!2s!4v1667137911819!5m2!1svi!2s\" width=\"900\" height=\"500\" style=\"border:0;\" allowfullscreen=\"\" loading=\"lazy\" referrerpolicy=\"no-referrer-when-downgrade\"><\/iframe><\/p>\n<p>\n\t\t\n<style>\n#text-3397931500 {\n  text-align: center;\n}\n<\/style>\n\t<\/div>\n\t\n<\/p>\n\t\t<\/div>\n\t\t\t\t\t<\/div>\n\n\t\n<\/p>\n<\/div>\n<\/p>\n\t\t<\/div>\n\n\t\t\n<style>\n#section_721466525 {\n  padding-top: 40px;\n  padding-bottom: 40px;\n}\n#section_721466525 .ux-shape-divider--top svg {\n  height: 150px;\n  --divider-top-width: 100%;\n}\n#section_721466525 .ux-shape-divider--bottom svg {\n  height: 150px;\n  --divider-width: 100%;\n}\n<\/style>\n\t<\/section>\n\t\n","protected":false},"excerpt":{"rendered":"","protected":false},"author":1,"featured_media":0,"parent":0,"menu_order":0,"comment_status":"closed","ping_status":"closed","template":"page-blank.php","meta":{"inline_featured_image":false},"acf":[],"_links":{"self":[{"href":"https:\/\/parainsight.com\/vi\/wp-json\/wp\/v2\/pages\/902"}],"collection":[{"href":"https:\/\/parainsight.com\/vi\/wp-json\/wp\/v2\/pages"}],"about":[{"href":"https:\/\/parainsight.com\/vi\/wp-json\/wp\/v2\/types\/page"}],"author":[{"embeddable":true,"href":"https:\/\/parainsight.com\/vi\/wp-json\/wp\/v2\/users\/1"}],"replies":[{"embeddable":true,"href":"https:\/\/parainsight.com\/vi\/wp-json\/wp\/v2\/comments?post=902"}],"version-history":[{"count":12,"href":"https:\/\/parainsight.com\/vi\/wp-json\/wp\/v2\/pages\/902\/revisions"}],"predecessor-version":[{"id":1265,"href":"https:\/\/parainsight.com\/vi\/wp-json\/wp\/v2\/pages\/902\/revisions\/1265"}],"wp:attachment":[{"href":"https:\/\/parainsight.com\/vi\/wp-json\/wp\/v2\/media?parent=902"}],"curies":[{"name":"wp","href":"https:\/\/api.w.org\/{rel}","templated":true}]}}